{"id":1607,"date":"2020-09-08T17:05:31","date_gmt":"2020-09-08T17:05:31","guid":{"rendered":"https:\/\/beonstone.wpengine.com\/accueil\/"},"modified":"2022-03-18T22:02:23","modified_gmt":"2022-03-18T22:02:23","slug":"accueil","status":"publish","type":"page","link":"https:\/\/www.beonstone.com\/fr\/","title":{"rendered":"Accueil"},"content":{"rendered":"","protected":false},"excerpt":{"rendered":"","protected":false},"author":1,"featured_media":0,"parent":0,"menu_order":1,"comment_status":"closed","ping_status":"closed","template":"","meta":{"footnotes":""},"class_list":["post-1607","page","type-page","status-publish","hentry"],"yoast_head":"<!-- This site is optimized with the Yoast SEO plugin v27.3 - https:\/\/yoast.com\/product\/yoast-seo-wordpress\/ -->\n<title>Panneaux de placage de pierre | Be.On Stone<\/title>\n<meta name=\"description\" content=\"Be.On Stone est la premi\u00e8re source de panneaux de pierre de qualit\u00e9. Une solution rentable pour les projets r\u00e9sidentiels et commerciaux.\" \/>\n<meta name=\"robots\" content=\"index, follow, max-snippet:-1, max-image-preview:large, max-video-preview:-1\" \/>\n<link rel=\"canonical\" href=\"https:\/\/www.beonstone.com\/fr\/\" \/>\n<meta property=\"og:locale\" content=\"fr_FR\" \/>\n<meta property=\"og:type\" content=\"article\" \/>\n<meta property=\"og:title\" content=\"Panneaux de placage de pierre | Be.On Stone\" \/>\n<meta property=\"og:description\" content=\"Be.On Stone est la premi\u00e8re source de panneaux de pierre de qualit\u00e9. Une solution rentable pour les projets r\u00e9sidentiels et commerciaux.\" \/>\n<meta property=\"og:url\" content=\"https:\/\/www.beonstone.com\/fr\/\" \/>\n<meta property=\"og:site_name\" content=\"Beonstone\" \/>\n<meta property=\"article:publisher\" content=\"https:\/\/facebook.com\/beonstone\" \/>\n<meta property=\"article:modified_time\" content=\"2022-03-18T22:02:23+00:00\" \/>\n<meta name=\"twitter:card\" content=\"summary_large_image\" \/>\n<script type=\"application\/ld+json\" class=\"yoast-schema-graph\">{\"@context\":\"https:\\\/\\\/schema.org\",\"@graph\":[{\"@type\":\"WebPage\",\"@id\":\"https:\\\/\\\/www.beonstone.com\\\/fr\\\/\",\"url\":\"https:\\\/\\\/www.beonstone.com\\\/fr\\\/\",\"name\":\"Panneaux de placage de pierre | Be.On Stone\",\"isPartOf\":{\"@id\":\"https:\\\/\\\/www.beonstone.com\\\/#website\"},\"datePublished\":\"2020-09-08T17:05:31+00:00\",\"dateModified\":\"2022-03-18T22:02:23+00:00\",\"description\":\"Be.On Stone est la premi\u00e8re source de panneaux de pierre de qualit\u00e9. Une solution rentable pour les projets r\u00e9sidentiels et commerciaux.\",\"breadcrumb\":{\"@id\":\"https:\\\/\\\/www.beonstone.com\\\/fr\\\/#breadcrumb\"},\"inLanguage\":\"fr-FR\",\"potentialAction\":[{\"@type\":\"ReadAction\",\"target\":[\"https:\\\/\\\/www.beonstone.com\\\/fr\\\/\"]}]},{\"@type\":\"BreadcrumbList\",\"@id\":\"https:\\\/\\\/www.beonstone.com\\\/fr\\\/#breadcrumb\",\"itemListElement\":[{\"@type\":\"ListItem\",\"position\":1,\"name\":\"Home\",\"item\":\"https:\\\/\\\/www.beonstone.com\\\/fr\\\/\"},{\"@type\":\"ListItem\",\"position\":2,\"name\":\"Accueil\"}]},{\"@type\":\"WebSite\",\"@id\":\"https:\\\/\\\/www.beonstone.com\\\/#website\",\"url\":\"https:\\\/\\\/www.beonstone.com\\\/\",\"name\":\"Beonstone\",\"description\":\"Panelized Stone Siding\",\"publisher\":{\"@id\":\"https:\\\/\\\/www.beonstone.com\\\/#organization\"},\"potentialAction\":[{\"@type\":\"SearchAction\",\"target\":{\"@type\":\"EntryPoint\",\"urlTemplate\":\"https:\\\/\\\/www.beonstone.com\\\/?s={search_term_string}\"},\"query-input\":{\"@type\":\"PropertyValueSpecification\",\"valueRequired\":true,\"valueName\":\"search_term_string\"}}],\"inLanguage\":\"fr-FR\"},{\"@type\":\"Organization\",\"@id\":\"https:\\\/\\\/www.beonstone.com\\\/#organization\",\"name\":\"Beonstone\",\"url\":\"https:\\\/\\\/www.beonstone.com\\\/\",\"logo\":{\"@type\":\"ImageObject\",\"inLanguage\":\"fr-FR\",\"@id\":\"https:\\\/\\\/www.beonstone.com\\\/#\\\/schema\\\/logo\\\/image\\\/\",\"url\":\"https:\\\/\\\/beonstone.wpengine.com\\\/wp-content\\\/uploads\\\/2019\\\/02\\\/logo-plain-beonstone.jpg\",\"contentUrl\":\"https:\\\/\\\/beonstone.wpengine.com\\\/wp-content\\\/uploads\\\/2019\\\/02\\\/logo-plain-beonstone.jpg\",\"width\":225,\"height\":84,\"caption\":\"Beonstone\"},\"image\":{\"@id\":\"https:\\\/\\\/www.beonstone.com\\\/#\\\/schema\\\/logo\\\/image\\\/\"},\"sameAs\":[\"https:\\\/\\\/facebook.com\\\/beonstone\",\"https:\\\/\\\/www.instagram.com\\\/beonstone\\\/\",\"https:\\\/\\\/www.pinterest.ca\\\/zidderhem\\\/\",\"https:\\\/\\\/www.youtube.com\\\/user\\\/Beonstone\\\/\"]}]}<\/script>\n<!-- \/ Yoast SEO plugin. -->","yoast_head_json":{"title":"Panneaux de placage de pierre | Be.On Stone","description":"Be.On Stone est la premi\u00e8re source de panneaux de pierre de qualit\u00e9. Une solution rentable pour les projets r\u00e9sidentiels et commerciaux.","robots":{"index":"index","follow":"follow","max-snippet":"max-snippet:-1","max-image-preview":"max-image-preview:large","max-video-preview":"max-video-preview:-1"},"canonical":"https:\/\/www.beonstone.com\/fr\/","og_locale":"fr_FR","og_type":"article","og_title":"Panneaux de placage de pierre | Be.On Stone","og_description":"Be.On Stone est la premi\u00e8re source de panneaux de pierre de qualit\u00e9. Une solution rentable pour les projets r\u00e9sidentiels et commerciaux.","og_url":"https:\/\/www.beonstone.com\/fr\/","og_site_name":"Beonstone","article_publisher":"https:\/\/facebook.com\/beonstone","article_modified_time":"2022-03-18T22:02:23+00:00","twitter_card":"summary_large_image","schema":{"@context":"https:\/\/schema.org","@graph":[{"@type":"WebPage","@id":"https:\/\/www.beonstone.com\/fr\/","url":"https:\/\/www.beonstone.com\/fr\/","name":"Panneaux de placage de pierre | Be.On Stone","isPartOf":{"@id":"https:\/\/www.beonstone.com\/#website"},"datePublished":"2020-09-08T17:05:31+00:00","dateModified":"2022-03-18T22:02:23+00:00","description":"Be.On Stone est la premi\u00e8re source de panneaux de pierre de qualit\u00e9. Une solution rentable pour les projets r\u00e9sidentiels et commerciaux.","breadcrumb":{"@id":"https:\/\/www.beonstone.com\/fr\/#breadcrumb"},"inLanguage":"fr-FR","potentialAction":[{"@type":"ReadAction","target":["https:\/\/www.beonstone.com\/fr\/"]}]},{"@type":"BreadcrumbList","@id":"https:\/\/www.beonstone.com\/fr\/#breadcrumb","itemListElement":[{"@type":"ListItem","position":1,"name":"Home","item":"https:\/\/www.beonstone.com\/fr\/"},{"@type":"ListItem","position":2,"name":"Accueil"}]},{"@type":"WebSite","@id":"https:\/\/www.beonstone.com\/#website","url":"https:\/\/www.beonstone.com\/","name":"Beonstone","description":"Panelized Stone Siding","publisher":{"@id":"https:\/\/www.beonstone.com\/#organization"},"potentialAction":[{"@type":"SearchAction","target":{"@type":"EntryPoint","urlTemplate":"https:\/\/www.beonstone.com\/?s={search_term_string}"},"query-input":{"@type":"PropertyValueSpecification","valueRequired":true,"valueName":"search_term_string"}}],"inLanguage":"fr-FR"},{"@type":"Organization","@id":"https:\/\/www.beonstone.com\/#organization","name":"Beonstone","url":"https:\/\/www.beonstone.com\/","logo":{"@type":"ImageObject","inLanguage":"fr-FR","@id":"https:\/\/www.beonstone.com\/#\/schema\/logo\/image\/","url":"https:\/\/beonstone.wpengine.com\/wp-content\/uploads\/2019\/02\/logo-plain-beonstone.jpg","contentUrl":"https:\/\/beonstone.wpengine.com\/wp-content\/uploads\/2019\/02\/logo-plain-beonstone.jpg","width":225,"height":84,"caption":"Beonstone"},"image":{"@id":"https:\/\/www.beonstone.com\/#\/schema\/logo\/image\/"},"sameAs":["https:\/\/facebook.com\/beonstone","https:\/\/www.instagram.com\/beonstone\/","https:\/\/www.pinterest.ca\/zidderhem\/","https:\/\/www.youtube.com\/user\/Beonstone\/"]}]}},"_links":{"self":[{"href":"https:\/\/www.beonstone.com\/fr\/wp-json\/wp\/v2\/pages\/1607","targetHints":{"allow":["GET"]}}],"collection":[{"href":"https:\/\/www.beonstone.com\/fr\/wp-json\/wp\/v2\/pages"}],"about":[{"href":"https:\/\/www.beonstone.com\/fr\/wp-json\/wp\/v2\/types\/page"}],"author":[{"embeddable":true,"href":"https:\/\/www.beonstone.com\/fr\/wp-json\/wp\/v2\/users\/1"}],"replies":[{"embeddable":true,"href":"https:\/\/www.beonstone.com\/fr\/wp-json\/wp\/v2\/comments?post=1607"}],"version-history":[{"count":0,"href":"https:\/\/www.beonstone.com\/fr\/wp-json\/wp\/v2\/pages\/1607\/revisions"}],"wp:attachment":[{"href":"https:\/\/www.beonstone.com\/fr\/wp-json\/wp\/v2\/media?parent=1607"}],"curies":[{"name":"wp","href":"https:\/\/api.w.org\/{rel}","templated":true}]}}