{"id":1618,"date":"2020-09-08T17:10:11","date_gmt":"2020-09-08T17:10:11","guid":{"rendered":"https:\/\/beonstone.wpengine.com\/trouver-un-detaillant\/"},"modified":"2022-09-06T16:17:54","modified_gmt":"2022-09-06T16:17:54","slug":"trouver-un-detaillant","status":"publish","type":"page","link":"https:\/\/www.beonstone.com\/fr\/trouver-un-detaillant\/","title":{"rendered":"Trouver un d\u00e9taillant"},"content":{"rendered":"\n<h1 class=\"has-text-align-center wp-block-heading\">Trouver un d\u00e9taillant<\/h1>\n\n\n        <div id=\"store_locator\" class=\"store-locator-container-fluid store_locator modal-body \" >            <div class=\"store-locator-row\">                        <div id=\"store_locator_sidebar\" class=\"store_locator_sidebar store-locator-col-12 store-locator-col-sm-12 store-locator-col-md-3 store-locator-order-first\">            <div id=\"store_locator_sidebar_content\" class=\"store_locator_sidebar_content store-locator-row\">                    <div id=\"store_locator_search_box\" class=\"store_locator_search_box store-locator-col-12 store-locator-col-sm-12 \">            <div class=\"store-locator-row\">            <div class=\"store-locator-col-12 store-locator-col-sm-12 store-locator-col-md-12 wordpress-store-locator-block-search_title\">        <h2 class=\"store_modal_title\"><\/h2>                <span id=\"store_locator_filter_active_filter_box\" class=\"store_locator_filter_active_filter_box\">           <small>Filtre actif:<\/small> <span id=\"store_locator_filter_active_filter\"><\/span>        <\/span>        <\/div><div class=\"store-locator-col-12 store-locator-col-sm-12 store-locator-col-md-12 wordpress-store-locator-block-address_field\">        <div class=\"wordpress-store-locator-address-container\">            <div class=\"store-locator-row\">                <div class=\"store-locator-col-12 store-locator-col-sm-12\">                                        <h5 class=\"wordpress-store-locator-address-title\">Address<\/h5>                                        <input id=\"store_locator_address_field\" class=\"store_locator_address_field\" type=\"text\" name=\"location\" placeholder=\"Enter your address\" value=\"\">                            <a href=\"#\" id=\"store_locator_get_my_position\" class=\"store_locator_text_actions\"><i class=\"fa fa-crosshairs\"><\/i> Get my Position<\/a>                <a href=\"#\" id=\"store_locator_reset_filters\" class=\"store_locator_text_actions\"><i class=\"fa fa-eraser\"><\/i> Reset all Filters<\/a>                        <\/div>            <\/div>        <\/div>        <\/div><div class=\"store-locator-col-12 store-locator-col-sm-12 store-locator-col-md-12 wordpress-store-locator-block-search_button\">        <div class=\"wordpress-store-locator-search-container\">            <div class=\"store-locator-row\">                <div class=\"store-locator-col-12 store-locator-col-sm-12\">                    <button id=\"store_locator_find_stores_button\" type=\"button\" class=\"store_locator_find_stores_button btn button et_pb_button btn-primary btn-lg\">                        Find Locations                    <\/button>                <\/div>            <\/div>        <\/div>        <\/div><div class=\"store-locator-col-12 store-locator-col-sm-12 store-locator-col-md-12 wordpress-store-locator-block-filter\">        <div class=\"wordpress-store-locator-filter-container\">            <div class=\"store-locator-row\">                <div id=\"store_locator_filter\" class=\"store_locator_filter\">                    <div id=\"store_locator_filter_open_close\" class=\"store_locator_filter_open_close store-locator-col-12 store-locator-col-sm-12\">                        <h3 class=\"store_locator_filter_title\">Filtre<\/h3> <i class=\"fas fa-chevron-up text-right\"><\/i>                    <\/div>                    <div id=\"store_locator_filter_content\" class=\"store_locator_filter_content\" style=\"display: block;\">                        <div class=\"store-locator-row\">                                                        <div class=\"store-locator-col-12 store-locator-col-sm-12 store-locator-col-md-12 wordpress-store-locator-block-radius_filter\">        <div class=\"store-locator-col-12 store-locator-col-sm-12 single_filter store-locator-radius-filter\">                                                <select name=\"radius\" id=\"store_locator_filter_radius\" class=\"select store_locator_filter_radius\">            <option value=\"5\" >5 mi<\/option><option value=\"10\" >10 mi<\/option><option value=\"25\" selected=\"selected\">25 mi<\/option><option value=\"50\" >50 mi<\/option><option value=\"100\" >100 mi<\/option>            <\/select>        <\/div>        <\/div><div class=\"store-locator-col-12 store-locator-col-sm-12 store-locator-col-md-12 wordpress-store-locator-block-store_filter\">        <div class=\"store-locator-col-12 store-locator-col-sm-12  store-locator-filters\">        <div class=\"store-locator-row\">            <div class=\"store-locator-col-12 store-locator-col-sm-12 store-locator-col-md-12 single_filter single_filter_filter \" ><h5>Dealer<\/h5><\/div>        <\/div>        <\/div>        <\/div>                        <\/div>                    <\/div>                <\/div>            <\/div>        <\/div>        <\/div>            <\/div>        <\/div>                <div id=\"store_locator_result_list_box\" class=\"store_locator_result_list_box store-locator-col-12 store-locator-col-sm-12\">            <hr class=\"grey\">                        <div id=\"store_locator_result_list\" class=\"store-locator-row\" style=\"display: block;\">                            <\/div>        <\/div>                    <\/div>        <\/div>                <div id=\"store_locator_main\" class=\"store_locator_main  store-locator-col-12 store-locator-col-sm-12 store-locator-col-md-9\">            <div id=\"store_locator_map\" style=\"height: 100%;\"><\/div>            <div id=\"store_locator_dragged_button\" class=\"btn button et_pb_button button-primary theme-button store_locator_dragged_button\">                Rechercher dans cette zone            <\/div>        <\/div>                    <\/div>            <button type=\"button\" id=\"store_modal_close\" class=\"store_modal_close\" data-dismiss=\"modal\" aria-label=\"Close\"><span aria-hidden=\"true\">&times;<\/span><\/button>            <div id=\"store_locator_loading\" class=\"store_locator_loading store_locator_hidden\"><i class=\"fas fa-spinner fa-spin fa-3x\"><\/i><\/div>        <\/div>    \n","protected":false},"excerpt":{"rendered":"<p>Trouver un d\u00e9taillant<\/p>\n","protected":false},"author":1,"featured_media":0,"parent":0,"menu_order":15,"comment_status":"closed","ping_status":"closed","template":"","meta":{"footnotes":""},"class_list":["post-1618","page","type-page","status-publish","hentry"],"yoast_head":"<!-- This site is optimized with the Yoast SEO plugin v27.5 - https:\/\/yoast.com\/product\/yoast-seo-wordpress\/ -->\n<title>Trouver un d\u00e9taillant | Be.On Stone<\/title>\n<meta name=\"description\" content=\"Utilisez notre outil cartographique pour d\u00e9couvrir les diff\u00e9rents endroits aux \u00c9tats-Unis et au Canada o\u00f9 vous pouvez acheter le rev\u00eatement de pierre.\" \/>\n<meta name=\"robots\" content=\"index, follow, max-snippet:-1, max-image-preview:large, max-video-preview:-1\" \/>\n<link rel=\"canonical\" href=\"https:\/\/www.beonstone.com\/fr\/trouver-un-detaillant\/\" \/>\n<meta property=\"og:locale\" content=\"fr_FR\" \/>\n<meta property=\"og:type\" content=\"article\" \/>\n<meta property=\"og:title\" content=\"Trouver un d\u00e9taillant | Be.On Stone\" \/>\n<meta property=\"og:description\" content=\"Utilisez notre outil cartographique pour d\u00e9couvrir les diff\u00e9rents endroits aux \u00c9tats-Unis et au Canada o\u00f9 vous pouvez acheter le rev\u00eatement de pierre.\" \/>\n<meta property=\"og:url\" content=\"https:\/\/www.beonstone.com\/fr\/trouver-un-detaillant\/\" \/>\n<meta property=\"og:site_name\" content=\"Beonstone\" \/>\n<meta property=\"article:publisher\" content=\"https:\/\/facebook.com\/beonstone\" \/>\n<meta property=\"article:modified_time\" content=\"2022-09-06T16:17:54+00:00\" \/>\n<meta name=\"twitter:card\" content=\"summary_large_image\" \/>\n<meta name=\"twitter:label1\" content=\"Dur\u00e9e de lecture estim\u00e9e\" \/>\n\t<meta name=\"twitter:data1\" content=\"1 minute\" \/>\n<script type=\"application\/ld+json\" class=\"yoast-schema-graph\">{\"@context\":\"https:\\\/\\\/schema.org\",\"@graph\":[{\"@type\":\"WebPage\",\"@id\":\"https:\\\/\\\/www.beonstone.com\\\/fr\\\/trouver-un-detaillant\\\/\",\"url\":\"https:\\\/\\\/www.beonstone.com\\\/fr\\\/trouver-un-detaillant\\\/\",\"name\":\"Trouver un d\u00e9taillant | Be.On Stone\",\"isPartOf\":{\"@id\":\"https:\\\/\\\/www.beonstone.com\\\/#website\"},\"datePublished\":\"2020-09-08T17:10:11+00:00\",\"dateModified\":\"2022-09-06T16:17:54+00:00\",\"description\":\"Utilisez notre outil cartographique pour d\u00e9couvrir les diff\u00e9rents endroits aux \u00c9tats-Unis et au Canada o\u00f9 vous pouvez acheter le rev\u00eatement de pierre.\",\"breadcrumb\":{\"@id\":\"https:\\\/\\\/www.beonstone.com\\\/fr\\\/trouver-un-detaillant\\\/#breadcrumb\"},\"inLanguage\":\"fr-FR\",\"potentialAction\":[{\"@type\":\"ReadAction\",\"target\":[\"https:\\\/\\\/www.beonstone.com\\\/fr\\\/trouver-un-detaillant\\\/\"]}]},{\"@type\":\"BreadcrumbList\",\"@id\":\"https:\\\/\\\/www.beonstone.com\\\/fr\\\/trouver-un-detaillant\\\/#breadcrumb\",\"itemListElement\":[{\"@type\":\"ListItem\",\"position\":1,\"name\":\"Home\",\"item\":\"https:\\\/\\\/www.beonstone.com\\\/fr\\\/\"},{\"@type\":\"ListItem\",\"position\":2,\"name\":\"Trouver un d\u00e9taillant\"}]},{\"@type\":\"WebSite\",\"@id\":\"https:\\\/\\\/www.beonstone.com\\\/#website\",\"url\":\"https:\\\/\\\/www.beonstone.com\\\/\",\"name\":\"Beonstone\",\"description\":\"Panelized Stone Siding\",\"publisher\":{\"@id\":\"https:\\\/\\\/www.beonstone.com\\\/#organization\"},\"potentialAction\":[{\"@type\":\"SearchAction\",\"target\":{\"@type\":\"EntryPoint\",\"urlTemplate\":\"https:\\\/\\\/www.beonstone.com\\\/?s={search_term_string}\"},\"query-input\":{\"@type\":\"PropertyValueSpecification\",\"valueRequired\":true,\"valueName\":\"search_term_string\"}}],\"inLanguage\":\"fr-FR\"},{\"@type\":\"Organization\",\"@id\":\"https:\\\/\\\/www.beonstone.com\\\/#organization\",\"name\":\"Beonstone\",\"url\":\"https:\\\/\\\/www.beonstone.com\\\/\",\"logo\":{\"@type\":\"ImageObject\",\"inLanguage\":\"fr-FR\",\"@id\":\"https:\\\/\\\/www.beonstone.com\\\/#\\\/schema\\\/logo\\\/image\\\/\",\"url\":\"https:\\\/\\\/beonstone.wpengine.com\\\/wp-content\\\/uploads\\\/2019\\\/02\\\/logo-plain-beonstone.jpg\",\"contentUrl\":\"https:\\\/\\\/beonstone.wpengine.com\\\/wp-content\\\/uploads\\\/2019\\\/02\\\/logo-plain-beonstone.jpg\",\"width\":225,\"height\":84,\"caption\":\"Beonstone\"},\"image\":{\"@id\":\"https:\\\/\\\/www.beonstone.com\\\/#\\\/schema\\\/logo\\\/image\\\/\"},\"sameAs\":[\"https:\\\/\\\/facebook.com\\\/beonstone\",\"https:\\\/\\\/www.instagram.com\\\/beonstone\\\/\",\"https:\\\/\\\/www.pinterest.ca\\\/zidderhem\\\/\",\"https:\\\/\\\/www.youtube.com\\\/user\\\/Beonstone\\\/\"]}]}<\/script>\n<!-- \/ Yoast SEO plugin. -->","yoast_head_json":{"title":"Trouver un d\u00e9taillant | Be.On Stone","description":"Utilisez notre outil cartographique pour d\u00e9couvrir les diff\u00e9rents endroits aux \u00c9tats-Unis et au Canada o\u00f9 vous pouvez acheter le rev\u00eatement de pierre.","robots":{"index":"index","follow":"follow","max-snippet":"max-snippet:-1","max-image-preview":"max-image-preview:large","max-video-preview":"max-video-preview:-1"},"canonical":"https:\/\/www.beonstone.com\/fr\/trouver-un-detaillant\/","og_locale":"fr_FR","og_type":"article","og_title":"Trouver un d\u00e9taillant | Be.On Stone","og_description":"Utilisez notre outil cartographique pour d\u00e9couvrir les diff\u00e9rents endroits aux \u00c9tats-Unis et au Canada o\u00f9 vous pouvez acheter le rev\u00eatement de pierre.","og_url":"https:\/\/www.beonstone.com\/fr\/trouver-un-detaillant\/","og_site_name":"Beonstone","article_publisher":"https:\/\/facebook.com\/beonstone","article_modified_time":"2022-09-06T16:17:54+00:00","twitter_card":"summary_large_image","twitter_misc":{"Dur\u00e9e de lecture estim\u00e9e":"1 minute"},"schema":{"@context":"https:\/\/schema.org","@graph":[{"@type":"WebPage","@id":"https:\/\/www.beonstone.com\/fr\/trouver-un-detaillant\/","url":"https:\/\/www.beonstone.com\/fr\/trouver-un-detaillant\/","name":"Trouver un d\u00e9taillant | Be.On Stone","isPartOf":{"@id":"https:\/\/www.beonstone.com\/#website"},"datePublished":"2020-09-08T17:10:11+00:00","dateModified":"2022-09-06T16:17:54+00:00","description":"Utilisez notre outil cartographique pour d\u00e9couvrir les diff\u00e9rents endroits aux \u00c9tats-Unis et au Canada o\u00f9 vous pouvez acheter le rev\u00eatement de pierre.","breadcrumb":{"@id":"https:\/\/www.beonstone.com\/fr\/trouver-un-detaillant\/#breadcrumb"},"inLanguage":"fr-FR","potentialAction":[{"@type":"ReadAction","target":["https:\/\/www.beonstone.com\/fr\/trouver-un-detaillant\/"]}]},{"@type":"BreadcrumbList","@id":"https:\/\/www.beonstone.com\/fr\/trouver-un-detaillant\/#breadcrumb","itemListElement":[{"@type":"ListItem","position":1,"name":"Home","item":"https:\/\/www.beonstone.com\/fr\/"},{"@type":"ListItem","position":2,"name":"Trouver un d\u00e9taillant"}]},{"@type":"WebSite","@id":"https:\/\/www.beonstone.com\/#website","url":"https:\/\/www.beonstone.com\/","name":"Beonstone","description":"Panelized Stone Siding","publisher":{"@id":"https:\/\/www.beonstone.com\/#organization"},"potentialAction":[{"@type":"SearchAction","target":{"@type":"EntryPoint","urlTemplate":"https:\/\/www.beonstone.com\/?s={search_term_string}"},"query-input":{"@type":"PropertyValueSpecification","valueRequired":true,"valueName":"search_term_string"}}],"inLanguage":"fr-FR"},{"@type":"Organization","@id":"https:\/\/www.beonstone.com\/#organization","name":"Beonstone","url":"https:\/\/www.beonstone.com\/","logo":{"@type":"ImageObject","inLanguage":"fr-FR","@id":"https:\/\/www.beonstone.com\/#\/schema\/logo\/image\/","url":"https:\/\/beonstone.wpengine.com\/wp-content\/uploads\/2019\/02\/logo-plain-beonstone.jpg","contentUrl":"https:\/\/beonstone.wpengine.com\/wp-content\/uploads\/2019\/02\/logo-plain-beonstone.jpg","width":225,"height":84,"caption":"Beonstone"},"image":{"@id":"https:\/\/www.beonstone.com\/#\/schema\/logo\/image\/"},"sameAs":["https:\/\/facebook.com\/beonstone","https:\/\/www.instagram.com\/beonstone\/","https:\/\/www.pinterest.ca\/zidderhem\/","https:\/\/www.youtube.com\/user\/Beonstone\/"]}]}},"_links":{"self":[{"href":"https:\/\/www.beonstone.com\/fr\/wp-json\/wp\/v2\/pages\/1618","targetHints":{"allow":["GET"]}}],"collection":[{"href":"https:\/\/www.beonstone.com\/fr\/wp-json\/wp\/v2\/pages"}],"about":[{"href":"https:\/\/www.beonstone.com\/fr\/wp-json\/wp\/v2\/types\/page"}],"author":[{"embeddable":true,"href":"https:\/\/www.beonstone.com\/fr\/wp-json\/wp\/v2\/users\/1"}],"replies":[{"embeddable":true,"href":"https:\/\/www.beonstone.com\/fr\/wp-json\/wp\/v2\/comments?post=1618"}],"version-history":[{"count":0,"href":"https:\/\/www.beonstone.com\/fr\/wp-json\/wp\/v2\/pages\/1618\/revisions"}],"wp:attachment":[{"href":"https:\/\/www.beonstone.com\/fr\/wp-json\/wp\/v2\/media?parent=1618"}],"curies":[{"name":"wp","href":"https:\/\/api.w.org\/{rel}","templated":true}]}}